{"id":479,"date":"2026-01-08T19:09:44","date_gmt":"2026-01-08T18:09:44","guid":{"rendered":"https:\/\/prospective-eac.com\/?post_type=product&#038;p=479"},"modified":"2026-01-08T19:09:44","modified_gmt":"2026-01-08T18:09:44","slug":"creation-dentreprise-sarl","status":"publish","type":"product","link":"https:\/\/prospective-eac.com\/index.php\/product\/creation-dentreprise-sarl\/","title":{"rendered":"Cr\u00e9ation d&#8217;entreprise SARL"},"content":{"rendered":"<div><strong>Service de Cr\u00e9ation de SARL<\/strong><\/div>\n<div>\n<div>\n<h3><strong>1. Introduction<\/strong><\/h3>\n<p>La <strong>SARL<\/strong> est l\u2019une des formes juridiques les plus populaires pour les petites et moyennes entreprises. Elle offre une structure s\u00e9curis\u00e9e, une responsabilit\u00e9 limit\u00e9e et une gestion adapt\u00e9e aux projets familiaux ou entre associ\u00e9s.<\/p>\n<hr \/>\n<h3><strong>2. Pourquoi Choisir une SARL ?<\/strong><\/h3>\n<ul>\n<li><strong>Responsabilit\u00e9 limit\u00e9e<\/strong> : Les associ\u00e9s ne sont responsables qu\u2019\u00e0 hauteur de leurs apports.<\/li>\n<li><strong>Cr\u00e9dibilit\u00e9 renforc\u00e9e<\/strong> : Une structure professionnelle reconnue par les partenaires et les banques.<\/li>\n<li><strong>Flexibilit\u00e9 fiscale<\/strong> : Option pour l\u2019Imp\u00f4t sur les Soci\u00e9t\u00e9s (IS) ou l\u2019Imp\u00f4t sur le Revenu (IR) sous certaines conditions.<\/li>\n<li><strong>Adapt\u00e9e aux PME<\/strong> : Id\u00e9ale pour les entreprises avec plusieurs associ\u00e9s (2 \u00e0 100).<\/li>\n<\/ul>\n<hr \/>\n<h3><strong>3. Avantages de la SARL<\/strong><\/h3>\n<ul>\n<li><strong>S\u00e9curit\u00e9 juridique<\/strong> pour les associ\u00e9s.<\/li>\n<li><strong>Statut social du g\u00e9rant<\/strong> : TNS (Travailleur Non Salari\u00e9) ou assimil\u00e9 salari\u00e9 selon le r\u00f4le.<\/li>\n<li><strong>Transmission facilit\u00e9e<\/strong> : Possibilit\u00e9 de c\u00e9der des parts sociales.<\/li>\n<\/ul>\n<hr \/>\n<h3><strong>4. Notre Offre de Service<\/strong><\/h3>\n<ul>\n<li><strong>Conseil personnalis\u00e9<\/strong> pour d\u00e9finir la structure optimale.<\/li>\n<li><strong>R\u00e9daction des statuts<\/strong> conformes \u00e0 vos besoins.<\/li>\n<li><strong>Formalit\u00e9s compl\u00e8tes<\/strong> : Immatriculation au RCS, publication l\u00e9gale.<\/li>\n<li><strong>Accompagnement fiscal et social<\/strong> : Choix du r\u00e9gime, optimisation des charges.<\/li>\n<li><strong>Support juridique<\/strong> continu.<\/li>\n<\/ul>\n<\/div>\n<\/div>\n","protected":false},"excerpt":{"rendered":"<p>[contact-form][contact-field label=\"Name\" type=\"name\"  required=\"true\" \/][contact-field label=\"Email\" type=\"email\" required=\"true\" \/][contact-field label=\"Website\" type=\"url\" \/][contact-field label=\"Message\" type=\"textarea\" \/][\/contact-form]&hellip;<a href=\"https:\/\/prospective-eac.com\/index.php\/product\/creation-dentreprise-sarl\/\" class=\"more-link\"><span class=\"more-button\">Continue reading<span class=\"screen-reader-text\">Cr\u00e9ation d&#8217;entreprise SARL<\/span><\/span><\/a><\/p>\n","protected":false},"featured_media":480,"comment_status":"open","ping_status":"closed","template":"","meta":[],"product_brand":[],"product_cat":[45],"product_tag":[46,49],"class_list":{"0":"post-479","1":"product","2":"type-product","3":"status-publish","4":"has-post-thumbnail","6":"product_cat-uncategorized","7":"product_tag-creation","8":"product_tag-sarl","10":"first","11":"instock","12":"sale","13":"taxable","14":"shipping-taxable","15":"purchasable","16":"product-type-simple"},"jetpack_sharing_enabled":true,"_links":{"self":[{"href":"https:\/\/prospective-eac.com\/index.php\/wp-json\/wp\/v2\/product\/479","targetHints":{"allow":["GET"]}}],"collection":[{"href":"https:\/\/prospective-eac.com\/index.php\/wp-json\/wp\/v2\/product"}],"about":[{"href":"https:\/\/prospective-eac.com\/index.php\/wp-json\/wp\/v2\/types\/product"}],"replies":[{"embeddable":true,"href":"https:\/\/prospective-eac.com\/index.php\/wp-json\/wp\/v2\/comments?post=479"}],"wp:featuredmedia":[{"embeddable":true,"href":"https:\/\/prospective-eac.com\/index.php\/wp-json\/wp\/v2\/media\/480"}],"wp:attachment":[{"href":"https:\/\/prospective-eac.com\/index.php\/wp-json\/wp\/v2\/media?parent=479"}],"wp:term":[{"taxonomy":"product_brand","embeddable":true,"href":"https:\/\/prospective-eac.com\/index.php\/wp-json\/wp\/v2\/product_brand?post=479"},{"taxonomy":"product_cat","embeddable":true,"href":"https:\/\/prospective-eac.com\/index.php\/wp-json\/wp\/v2\/product_cat?post=479"},{"taxonomy":"product_tag","embeddable":true,"href":"https:\/\/prospective-eac.com\/index.php\/wp-json\/wp\/v2\/product_tag?post=479"}],"curies":[{"name":"wp","href":"https:\/\/api.w.org\/{rel}","templated":true}]}}