{"id":475,"date":"2026-01-08T17:33:12","date_gmt":"2026-01-08T16:33:12","guid":{"rendered":"https:\/\/prospective-eac.com\/?post_type=product&#038;p=475"},"modified":"2026-01-08T19:13:45","modified_gmt":"2026-01-08T18:13:45","slug":"creation-dentreprise-sous-forme-deurl-ou-de-sasu","status":"publish","type":"product","link":"https:\/\/prospective-eac.com\/index.php\/product\/creation-dentreprise-sous-forme-deurl-ou-de-sasu\/","title":{"rendered":"Cr\u00e9ation d&#8217;entreprise sous forme d&#8217;EURL ou de SASU"},"content":{"rendered":"<p><strong>Accompagnement \u00e0 la cr\u00e9ation d&#8217;entreprise EURL ou\u00a0 SASU<\/strong><\/p>\n<p><strong>EURL (Entreprise Unipersonnelle \u00e0 Responsabilit\u00e9 Limit\u00e9e)<\/strong><\/p>\n<div>\n<ul>\n<li><strong>Caract\u00e9ristiques :<\/strong>\n<ul>\n<li>Soci\u00e9t\u00e9 \u00e0 associ\u00e9 unique.<\/li>\n<li>Responsabilit\u00e9 limit\u00e9e au montant des apports.<\/li>\n<li>Dirigeant : <strong>G\u00e9rant<\/strong> (statut TNS \u2013 Travailleur Non Salari\u00e9).<\/li>\n<\/ul>\n<\/li>\n<li><strong>Avantages :<\/strong>\n<ul>\n<li>Simplicit\u00e9 de gestion.<\/li>\n<li>Cotisations sociales moins \u00e9lev\u00e9es que pour un dirigeant assimil\u00e9 salari\u00e9.<\/li>\n<li>Possibilit\u00e9 d\u2019opter pour l\u2019Imp\u00f4t sur le Revenu (IR) ou l\u2019Imp\u00f4t sur les Soci\u00e9t\u00e9s (IS).<\/li>\n<\/ul>\n<\/li>\n<li><strong>Id\u00e9al pour :<\/strong>\n<ul>\n<li>Les entrepreneurs souhaitant optimiser leurs charges sociales.<\/li>\n<li>Activit\u00e9s avec revenus stables.<\/li>\n<\/ul>\n<\/li>\n<\/ul>\n<hr \/>\n<h3><strong>SASU (Soci\u00e9t\u00e9 par Actions Simplifi\u00e9e Unipersonnelle)<\/strong><\/h3>\n<ul>\n<li><strong>Caract\u00e9ristiques :<\/strong>\n<ul>\n<li>Soci\u00e9t\u00e9 par actions avec un seul associ\u00e9.<\/li>\n<li>Responsabilit\u00e9 limit\u00e9e aux apports.<\/li>\n<li>Dirigeant : <strong>Pr\u00e9sident<\/strong> (statut assimil\u00e9 salari\u00e9).<\/li>\n<\/ul>\n<\/li>\n<li><strong>Avantages :<\/strong>\n<ul>\n<li>Grande flexibilit\u00e9 dans la r\u00e9daction des statuts.<\/li>\n<li>Protection sociale du dirigeant proche du r\u00e9gime salari\u00e9.<\/li>\n<li>Image professionnelle renforc\u00e9e aupr\u00e8s des partenaires.<\/li>\n<\/ul>\n<\/li>\n<li><strong>Id\u00e9al pour :<\/strong>\n<ul>\n<li>Les projets avec perspectives de croissance.<\/li>\n<li>Entrepreneurs souhaitant une meilleure couverture sociale.<\/li>\n<\/ul>\n<\/li>\n<\/ul>\n<hr \/>\n<h3><strong>Services Inclus dans Notre Offre<\/strong><\/h3>\n<ul>\n<li><strong>Conseil personnalis\u00e9<\/strong> pour choisir la forme adapt\u00e9e \u00e0 votre projet.<\/li>\n<li><strong>R\u00e9daction des statuts<\/strong> et formalit\u00e9s administratives.<\/li>\n<li><strong>Immatriculation au Registre du Commerce et des Soci\u00e9t\u00e9s (RCS)<\/strong>.<\/li>\n<li><strong>Accompagnement fiscal et social<\/strong> (choix IR ou IS, r\u00e9gime social).<\/li>\n<li><strong>Support juridique<\/strong> pour s\u00e9curiser votre activit\u00e9.<\/li>\n<\/ul>\n<\/div>\n","protected":false},"excerpt":{"rendered":"<div>\n[contact-form][contact-field label=\"Name\" type=\"name\"  required=\"true\" \/][contact-field label=\"Email\" type=\"email\" required=\"true\" \/][contact-field label=\"Website\" type=\"url\" \/][contact-field label=\"Message\" type=\"textarea\" \/][\/contact-form]\n<p>Cr\u00e9ation d\u2019EURL et de SASU<\/p><\/div>\n<div>\n<ul>\n<li><strong>Conseil personnalis\u00e9<\/strong> pour choisir la forme adapt\u00e9e \u00e0 votre projet.<\/li>\n<li><strong>R\u00e9daction des statuts<\/strong> et formalit\u00e9s administratives.<\/li>\n<li><strong>Immatriculation au Registre du Commerce et des Soci\u00e9t\u00e9s (RCS)<\/strong>.<\/li>\n<li><strong>Accompagnement fiscal et social<\/strong> (choix IR ou IS, r\u00e9gime social).<\/li>\n<li><strong>Support juridique<\/strong> pour s\u00e9curiser votre activit\u00e9.<\/li>\n<\/ul>\n<\/div>\n<p>&hellip;<a href=\"https:\/\/prospective-eac.com\/index.php\/product\/creation-dentreprise-sous-forme-deurl-ou-de-sasu\/\" class=\"more-link\"><span class=\"more-button\">Continue reading<span class=\"screen-reader-text\">Cr\u00e9ation d&#8217;entreprise sous forme d&#8217;EURL ou de SASU<\/span><\/span><\/a><\/p>\n","protected":false},"featured_media":476,"comment_status":"open","ping_status":"closed","template":"","meta":[],"product_brand":[],"product_cat":[45],"product_tag":[46,47,48],"class_list":{"0":"post-475","1":"product","2":"type-product","3":"status-publish","4":"has-post-thumbnail","6":"product_cat-uncategorized","7":"product_tag-creation","8":"product_tag-eurl","9":"product_tag-sasu","11":"first","12":"instock","13":"sale","14":"taxable","15":"shipping-taxable","16":"purchasable","17":"product-type-simple"},"jetpack_sharing_enabled":true,"_links":{"self":[{"href":"https:\/\/prospective-eac.com\/index.php\/wp-json\/wp\/v2\/product\/475","targetHints":{"allow":["GET"]}}],"collection":[{"href":"https:\/\/prospective-eac.com\/index.php\/wp-json\/wp\/v2\/product"}],"about":[{"href":"https:\/\/prospective-eac.com\/index.php\/wp-json\/wp\/v2\/types\/product"}],"replies":[{"embeddable":true,"href":"https:\/\/prospective-eac.com\/index.php\/wp-json\/wp\/v2\/comments?post=475"}],"wp:featuredmedia":[{"embeddable":true,"href":"https:\/\/prospective-eac.com\/index.php\/wp-json\/wp\/v2\/media\/476"}],"wp:attachment":[{"href":"https:\/\/prospective-eac.com\/index.php\/wp-json\/wp\/v2\/media?parent=475"}],"wp:term":[{"taxonomy":"product_brand","embeddable":true,"href":"https:\/\/prospective-eac.com\/index.php\/wp-json\/wp\/v2\/product_brand?post=475"},{"taxonomy":"product_cat","embeddable":true,"href":"https:\/\/prospective-eac.com\/index.php\/wp-json\/wp\/v2\/product_cat?post=475"},{"taxonomy":"product_tag","embeddable":true,"href":"https:\/\/prospective-eac.com\/index.php\/wp-json\/wp\/v2\/product_tag?post=475"}],"curies":[{"name":"wp","href":"https:\/\/api.w.org\/{rel}","templated":true}]}}