{"id":34,"date":"2017-12-10T14:49:41","date_gmt":"2017-12-10T13:49:41","guid":{"rendered":"http:\/\/prospective-eac.com\/?page_id=34"},"modified":"2020-11-01T13:00:34","modified_gmt":"2020-11-01T12:00:34","slug":"secteurs-dactivites","status":"publish","type":"page","link":"https:\/\/prospective-eac.com\/index.php\/secteurs-dactivites\/","title":{"rendered":"Secteurs d&#8217;activit\u00e9s"},"content":{"rendered":"<p>Ayant pour clients, des entreprises de diverses tailles et appartenant \u00e0 divers secteurs, nous avons d\u00e9velopp\u00e9 un savoir faire et une expertise, nous permettant de faire face \u00e0 leurs demandes sp\u00e9cifiques. \u00a0Nous prenons en charge les entreprises appartenant notamment aux secteurs d&#8217;activit\u00e9s ci-dessous:<\/p>\n<ul>\n<li>Agricole<\/li>\n<li>Industriel<\/li>\n<li>Construction<\/li>\n<li>Enseignement<\/li>\n<li>Sant\u00e9 humaine<\/li>\n<li>Action sociale<\/li>\n<li>Culture et loisirs<\/li>\n<li>Commerce<\/li>\n<li>Services scientifiques et techniques<\/li>\n<li>Services administratif et de soutiens<\/li>\n<li>H\u00f4tellerie et restauration<\/li>\n<li>Immobilier<\/li>\n<li>Information et communication<\/li>\n<li>Transport<\/li>\n<li>B\u00e2timents et travaux publiques<\/li>\n<\/ul>\n","protected":false},"excerpt":{"rendered":"<p>Ayant pour clients, des entreprises de diverses tailles et appartenant \u00e0 divers secteurs, nous avons d\u00e9velopp\u00e9 un savoir faire et une expertise, nous permettant de faire face \u00e0 leurs demandes&hellip;<a href=\"https:\/\/prospective-eac.com\/index.php\/secteurs-dactivites\/\" class=\"more-link\"><span class=\"more-button\">Continue reading<span class=\"screen-reader-text\">Secteurs d&#8217;activit\u00e9s<\/span><\/span><\/a><\/p>\n","protected":false},"author":1,"featured_media":108,"parent":0,"menu_order":0,"comment_status":"closed","ping_status":"closed","template":"","meta":{"footnotes":""},"class_list":["post-34","page","type-page","status-publish","has-post-thumbnail","hentry"],"jetpack_sharing_enabled":true,"_links":{"self":[{"href":"https:\/\/prospective-eac.com\/index.php\/wp-json\/wp\/v2\/pages\/34","targetHints":{"allow":["GET"]}}],"collection":[{"href":"https:\/\/prospective-eac.com\/index.php\/wp-json\/wp\/v2\/pages"}],"about":[{"href":"https:\/\/prospective-eac.com\/index.php\/wp-json\/wp\/v2\/types\/page"}],"author":[{"embeddable":true,"href":"https:\/\/prospective-eac.com\/index.php\/wp-json\/wp\/v2\/users\/1"}],"replies":[{"embeddable":true,"href":"https:\/\/prospective-eac.com\/index.php\/wp-json\/wp\/v2\/comments?post=34"}],"version-history":[{"count":8,"href":"https:\/\/prospective-eac.com\/index.php\/wp-json\/wp\/v2\/pages\/34\/revisions"}],"predecessor-version":[{"id":313,"href":"https:\/\/prospective-eac.com\/index.php\/wp-json\/wp\/v2\/pages\/34\/revisions\/313"}],"wp:featuredmedia":[{"embeddable":true,"href":"https:\/\/prospective-eac.com\/index.php\/wp-json\/wp\/v2\/media\/108"}],"wp:attachment":[{"href":"https:\/\/prospective-eac.com\/index.php\/wp-json\/wp\/v2\/media?parent=34"}],"curies":[{"name":"wp","href":"https:\/\/api.w.org\/{rel}","templated":true}]}}